{"id":1243,"date":"2018-06-21T09:54:35","date_gmt":"2018-06-21T09:54:35","guid":{"rendered":"http:\/\/smks.fbk.eu\/attivita\/scouting-di-opportunita-di-finanziamento\/"},"modified":"2020-01-15T16:38:04","modified_gmt":"2020-01-15T16:38:04","slug":"scouting-di-opportunita-di-finanziamento","status":"publish","type":"page","link":"https:\/\/smks.fbk.eu\/it\/attivita\/scouting-di-opportunita-di-finanziamento\/","title":{"rendered":"Scouting di opportunit\u00e0 di finanziamento"},"content":{"rendered":"<p>L\u2019Unit\u00e0 SMKS mantiene una funzione di raccordo tra FBK e gli stakeholder a livello europeo, monitora le opportunit\u00e0 di finanziamento e progettualit\u00e0 europea cercando, con attivit\u00e0 di scouting, possibili finanziamenti. Nello specifico, promuove i contatti con i principali attori istituzionali (Ministeri, Universit\u00e0, Istituti di ricerca, piattaforme territoriali, associazioni) e privati (aziende, unioni, confederazioni, etc.) di potenziale interesse in qualit\u00e0 di partner, al fine di entrare in network per l\u2019accesso a programmi di finanziamento della Comunit\u00e0 Europea (es. H2020, Interreg, Tenders iniziative, etc.).<\/p>\n<p>L\u2019Unit\u00e0 SMKS, oltre a favorire un monitoraggio continuo delle opportunit\u00e0 e delle call di progetti Europei e internazionali in stretta collaborazione con l\u2019ufficio PAT di Bruxelles, organizza incontri operativi con i funzionari della Commissione europea o del Parlamento europeo volti ad approfondire nuove proposte normative e\/o opportunit\u00e0 di finanziamento relative a tematiche di interesse della Fondazione.<\/p>\n<p>L\u2019Unit\u00e0 SMKS partecipa, inoltre, ad eventi specifici (open days organizzati dalla EU e partecipazione a B2B events) e a seminari informativi (infodays) e di aggiornamento sulle policies europee. Favorisce l\u2019individuazione e partecipazione ad iniziative di working groups su tematiche specifiche collegate alle attivit\u00e0 di FBK e favorisce la rappresentanza di FBK su tavoli di indirizzo, partecipando alla scrittura di documenti che possano influenzare i \u201cwork programme\u201d futuri della commissione europea tenendo conto delle tematiche di interesse per FBK.<\/p>\n","protected":false},"excerpt":{"rendered":"<p>L\u2019Unit\u00e0 SMKS mantiene una funzione di raccordo tra FBK e gli stakeholder a livello europeo, monitora le opportunit\u00e0 di finanziamento e progettualit\u00e0 europea cercando, con attivit\u00e0 di scouting, possibili finanziamenti. Nello specifico, promuove i contatti con i principali attori istituzionali (Ministeri, Universit\u00e0, Istituti di ricerca, piattaforme territoriali, associazioni) e privati (aziende, unioni, confederazioni, etc.) di [&hellip;]<\/p>\n","protected":false},"author":3,"featured_media":0,"parent":22,"menu_order":0,"comment_status":"closed","ping_status":"closed","template":"backbone\/page-templates\/shared\/list-of-contacts-and-locations.php","meta":{"footnotes":""},"class_list":["post-1243","page","type-page","status-publish","hentry"],"yoast_head":"<!-- This site is optimized with the Yoast SEO plugin v27.5 - https:\/\/yoast.com\/product\/yoast-seo-wordpress\/ -->\n<title>Scouting di opportunit\u00e0 di finanziamento - FBK - Technology Portfolio<\/title>\n<meta name=\"robots\" content=\"noindex, follow, max-snippet:-1, max-image-preview:large, max-video-preview:-1\" \/>\n<meta property=\"og:locale\" content=\"it_IT\" \/>\n<meta property=\"og:type\" content=\"article\" \/>\n<meta property=\"og:url\" content=\"https:\/\/smks.fbk.eu\/it\/attivita\/scouting-di-opportunita-di-finanziamento\/\" \/>\n<meta property=\"og:site_name\" content=\"FBK - Technology Portfolio\" \/>\n<meta property=\"article:modified_time\" content=\"2020-01-15T16:38:04+00:00\" \/>\n<meta name=\"twitter:card\" content=\"summary_large_image\" \/>\n<meta name=\"twitter:label1\" content=\"Tempo di lettura stimato\" \/>\n\t<meta name=\"twitter:data1\" content=\"1 minuto\" \/>\n<script type=\"application\/ld+json\" class=\"yoast-schema-graph\">{\"@context\":\"https:\\\/\\\/schema.org\",\"@graph\":[{\"@type\":\"WebPage\",\"@id\":\"https:\\\/\\\/smks.fbk.eu\\\/it\\\/attivita\\\/scouting-di-opportunita-di-finanziamento\\\/\",\"url\":\"https:\\\/\\\/smks.fbk.eu\\\/it\\\/attivita\\\/scouting-di-opportunita-di-finanziamento\\\/\",\"name\":\"Scouting di opportunit\u00e0 di finanziamento - FBK - Technology Portfolio\",\"isPartOf\":{\"@id\":\"https:\\\/\\\/smks.fbk.eu\\\/en\\\/#website\"},\"datePublished\":\"2018-06-21T09:54:35+00:00\",\"dateModified\":\"2020-01-15T16:38:04+00:00\",\"breadcrumb\":{\"@id\":\"https:\\\/\\\/smks.fbk.eu\\\/it\\\/attivita\\\/scouting-di-opportunita-di-finanziamento\\\/#breadcrumb\"},\"inLanguage\":\"it-IT\",\"potentialAction\":[{\"@type\":\"ReadAction\",\"target\":[\"https:\\\/\\\/smks.fbk.eu\\\/it\\\/attivita\\\/scouting-di-opportunita-di-finanziamento\\\/\"]}]},{\"@type\":\"BreadcrumbList\",\"@id\":\"https:\\\/\\\/smks.fbk.eu\\\/it\\\/attivita\\\/scouting-di-opportunita-di-finanziamento\\\/#breadcrumb\",\"itemListElement\":[{\"@type\":\"ListItem\",\"position\":1,\"name\":\"Home\",\"item\":\"https:\\\/\\\/smks.fbk.eu\\\/it\\\/\"},{\"@type\":\"ListItem\",\"position\":2,\"name\":\"Attivit\u00e0\",\"item\":\"https:\\\/\\\/smks.fbk.eu\\\/it\\\/attivita\\\/\"},{\"@type\":\"ListItem\",\"position\":3,\"name\":\"Scouting di opportunit\u00e0 di finanziamento\"}]},{\"@type\":\"WebSite\",\"@id\":\"https:\\\/\\\/smks.fbk.eu\\\/en\\\/#website\",\"url\":\"https:\\\/\\\/smks.fbk.eu\\\/en\\\/\",\"name\":\"FBK - Technology Portfolio\",\"description\":\"Fondazione Bruno Kessler\",\"potentialAction\":[{\"@type\":\"SearchAction\",\"target\":{\"@type\":\"EntryPoint\",\"urlTemplate\":\"https:\\\/\\\/smks.fbk.eu\\\/en\\\/?s={search_term_string}\"},\"query-input\":{\"@type\":\"PropertyValueSpecification\",\"valueRequired\":true,\"valueName\":\"search_term_string\"}}],\"inLanguage\":\"it-IT\"}]}<\/script>\n<!-- \/ Yoast SEO plugin. -->","yoast_head_json":{"title":"Scouting di opportunit\u00e0 di finanziamento - FBK - Technology Portfolio","robots":{"index":"noindex","follow":"follow","max-snippet":"max-snippet:-1","max-image-preview":"max-image-preview:large","max-video-preview":"max-video-preview:-1"},"og_locale":"it_IT","og_type":"article","og_url":"https:\/\/smks.fbk.eu\/it\/attivita\/scouting-di-opportunita-di-finanziamento\/","og_site_name":"FBK - Technology Portfolio","article_modified_time":"2020-01-15T16:38:04+00:00","twitter_card":"summary_large_image","twitter_misc":{"Tempo di lettura stimato":"1 minuto"},"schema":{"@context":"https:\/\/schema.org","@graph":[{"@type":"WebPage","@id":"https:\/\/smks.fbk.eu\/it\/attivita\/scouting-di-opportunita-di-finanziamento\/","url":"https:\/\/smks.fbk.eu\/it\/attivita\/scouting-di-opportunita-di-finanziamento\/","name":"Scouting di opportunit\u00e0 di finanziamento - FBK - Technology Portfolio","isPartOf":{"@id":"https:\/\/smks.fbk.eu\/en\/#website"},"datePublished":"2018-06-21T09:54:35+00:00","dateModified":"2020-01-15T16:38:04+00:00","breadcrumb":{"@id":"https:\/\/smks.fbk.eu\/it\/attivita\/scouting-di-opportunita-di-finanziamento\/#breadcrumb"},"inLanguage":"it-IT","potentialAction":[{"@type":"ReadAction","target":["https:\/\/smks.fbk.eu\/it\/attivita\/scouting-di-opportunita-di-finanziamento\/"]}]},{"@type":"BreadcrumbList","@id":"https:\/\/smks.fbk.eu\/it\/attivita\/scouting-di-opportunita-di-finanziamento\/#breadcrumb","itemListElement":[{"@type":"ListItem","position":1,"name":"Home","item":"https:\/\/smks.fbk.eu\/it\/"},{"@type":"ListItem","position":2,"name":"Attivit\u00e0","item":"https:\/\/smks.fbk.eu\/it\/attivita\/"},{"@type":"ListItem","position":3,"name":"Scouting di opportunit\u00e0 di finanziamento"}]},{"@type":"WebSite","@id":"https:\/\/smks.fbk.eu\/en\/#website","url":"https:\/\/smks.fbk.eu\/en\/","name":"FBK - Technology Portfolio","description":"Fondazione Bruno Kessler","potentialAction":[{"@type":"SearchAction","target":{"@type":"EntryPoint","urlTemplate":"https:\/\/smks.fbk.eu\/en\/?s={search_term_string}"},"query-input":{"@type":"PropertyValueSpecification","valueRequired":true,"valueName":"search_term_string"}}],"inLanguage":"it-IT"}]}},"meta_box":{"_more_label":"","_more_page":"","_top_contents":"","_bottom_contents":"","_styles":"","_primary_highlights":[{"from":{"timestamp":"0"},"until":{"timestamp":"0"},"target":"_self","layout":"align-center","size":"half"}],"_secondary_highlights":[{"from":{"timestamp":"0"},"until":{"timestamp":"0"},"target":"_self"}],"_homepage_shortcuts":[{"section_shortcuts":[{"shortcut_thumbnail":{"shortcut_thumbnail_mode":"image"},"shortcut_link":{"shortcut_link_target":"_self"}}]}],"_homepage_call_to_action":{"destination_target":"_self"},"_highlights_limit":"","_highlights_page":"","_events_limit":"4","_events_page":"","_news_limit":"4","_news_page":"","_contacts_locations_sections":[{"header":"Contattaci","entries":[{"entry_type":"contact","entry_title":"Alessandro Bozzoli","entry_contact":"315","entry_thumbnail":{"entry_thumbnail_mode":"image","entry_thumbnail_image":["1030"]}},{"entry_type":"contact","entry_title":"Vittorio Guarnieri","entry_contact":"246","entry_thumbnail":{"entry_thumbnail_mode":"image"}}]}],"type":"fbkevent","category":[],"ordering":"","_past_projects_style":"default","_projects":[{"style":"default"}],"_sections":[],"_network_and_partners_sections":[],"_tabbed_contents_sections":[],"_blocks":[{"block_thumbnail":{"block_thumbnail_mode":"none"},"links":[{"link_target":"_self"}]}],"_blocks_navigation":"","_latest_publications_limit":"3","_latest_publications_style":"default","_latest_publications_entries":[{"entry_type":"page"}],"_publications_highlights":[{"publication_type":"none"}],"_publications_custom":[],"_publications_filters_years":"","_publications_filters_number_of_years":"","_publications_filters_from_year":"2018","_publications_filters_until_year":"2018","_publications_filters_count":"","_sidebar":"activities","_outline":"","_outline_title":"","_list_of_patents_categories":[]},"_links":{"self":[{"href":"https:\/\/smks.fbk.eu\/it\/wp-json\/wp\/v2\/pages\/1243","targetHints":{"allow":["GET"]}}],"collection":[{"href":"https:\/\/smks.fbk.eu\/it\/wp-json\/wp\/v2\/pages"}],"about":[{"href":"https:\/\/smks.fbk.eu\/it\/wp-json\/wp\/v2\/types\/page"}],"author":[{"embeddable":true,"href":"https:\/\/smks.fbk.eu\/it\/wp-json\/wp\/v2\/users\/3"}],"replies":[{"embeddable":true,"href":"https:\/\/smks.fbk.eu\/it\/wp-json\/wp\/v2\/comments?post=1243"}],"version-history":[{"count":0,"href":"https:\/\/smks.fbk.eu\/it\/wp-json\/wp\/v2\/pages\/1243\/revisions"}],"up":[{"embeddable":true,"href":"https:\/\/smks.fbk.eu\/it\/wp-json\/wp\/v2\/pages\/22"}],"wp:attachment":[{"href":"https:\/\/smks.fbk.eu\/it\/wp-json\/wp\/v2\/media?parent=1243"}],"curies":[{"name":"wp","href":"https:\/\/api.w.org\/{rel}","templated":true}]}}