{"id":1238,"date":"2018-06-21T09:50:32","date_gmt":"2018-06-21T09:50:32","guid":{"rendered":"http:\/\/smks.fbk.eu\/attivita\/tutela-e-valorizzazione-dei-risultati-della-ricerca\/"},"modified":"2020-07-02T16:43:14","modified_gmt":"2020-07-02T14:43:14","slug":"tutela-e-valorizzazione-dei-risultati-della-ricerca","status":"publish","type":"page","link":"https:\/\/smks.fbk.eu\/it\/attivita\/tutela-e-valorizzazione-dei-risultati-della-ricerca\/","title":{"rendered":"Tutela e valorizzazione dei risultati della ricerca"},"content":{"rendered":"<p>La tutela e la gestione della propriet\u00e0 intellettuale, intese come un processo che include varie fasi dall\u2019individuazione, classificazione e protezione (tramite brevettazione e diritto d&#8217;autore) dei risultati della ricerca FBK fino alla loro valorizzazione, consentono la creazione di quella \u201ccatena del valore\u201d che tipicamente caratterizza i processi di trasferimento tecnologico. Il personale dell&#8217;Unit\u00e0 MSKS supporta il personale di ricerca e amministrativo della Fondazione nelle varie fasi di tutela della propriet\u00e0 intellettuale valutando al contempo opportunit\u00e0 per la sua valorizzazione sul mercato dell\u2019innovazione tecnologica. L\u2019Unit\u00e0 SMKS supporta il ricercatore nella generazione di impresa (spin-off), quale strumento attraverso il quale i risultati della ricerca FBK, ed il know-how acquisto, trovano sbocco sul mercato dell\u2019innovazione tecnologica. L\u2019Unit\u00e0 SMKS si avvale della collaborazione di Hub Innovation Trentino (<a href=\"https:\/\/www.trentinoinnovation.eu\/en\/home\/\">HIT<\/a>) nello svolgimento delle attivit\u00e0 di tutela e valorizzazione dei risultati della ricerca.<\/p>\n","protected":false},"excerpt":{"rendered":"<p>La tutela e la gestione della propriet\u00e0 intellettuale, intese come un processo che include varie fasi dall\u2019individuazione, classificazione e protezione (tramite brevettazione e diritto d&#8217;autore) dei risultati della ricerca FBK fino alla loro valorizzazione, consentono la creazione di quella \u201ccatena del valore\u201d che tipicamente caratterizza i processi di trasferimento tecnologico. Il personale dell&#8217;Unit\u00e0 MSKS supporta [&hellip;]<\/p>\n","protected":false},"author":3,"featured_media":0,"parent":22,"menu_order":0,"comment_status":"closed","ping_status":"closed","template":"backbone\/page-templates\/shared\/list-of-contacts-and-locations.php","meta":{"footnotes":""},"class_list":["post-1238","page","type-page","status-publish","hentry"],"yoast_head":"<!-- This site is optimized with the Yoast SEO plugin v27.5 - https:\/\/yoast.com\/product\/yoast-seo-wordpress\/ -->\n<title>Tutela e valorizzazione dei risultati della ricerca - FBK - Technology Portfolio<\/title>\n<meta name=\"robots\" content=\"noindex, follow, max-snippet:-1, max-image-preview:large, max-video-preview:-1\" \/>\n<meta property=\"og:locale\" content=\"it_IT\" \/>\n<meta property=\"og:type\" content=\"article\" \/>\n<meta property=\"og:url\" content=\"https:\/\/smks.fbk.eu\/it\/attivita\/tutela-e-valorizzazione-dei-risultati-della-ricerca\/\" \/>\n<meta property=\"og:site_name\" content=\"FBK - Technology Portfolio\" \/>\n<meta property=\"article:modified_time\" content=\"2020-07-02T14:43:14+00:00\" \/>\n<meta name=\"twitter:card\" content=\"summary_large_image\" \/>\n<meta name=\"twitter:label1\" content=\"Tempo di lettura stimato\" \/>\n\t<meta name=\"twitter:data1\" content=\"1 minuto\" \/>\n<script type=\"application\/ld+json\" class=\"yoast-schema-graph\">{\"@context\":\"https:\\\/\\\/schema.org\",\"@graph\":[{\"@type\":\"WebPage\",\"@id\":\"https:\\\/\\\/smks.fbk.eu\\\/it\\\/attivita\\\/tutela-e-valorizzazione-dei-risultati-della-ricerca\\\/\",\"url\":\"https:\\\/\\\/smks.fbk.eu\\\/it\\\/attivita\\\/tutela-e-valorizzazione-dei-risultati-della-ricerca\\\/\",\"name\":\"Tutela e valorizzazione dei risultati della ricerca - FBK - Technology Portfolio\",\"isPartOf\":{\"@id\":\"https:\\\/\\\/smks.fbk.eu\\\/en\\\/#website\"},\"datePublished\":\"2018-06-21T09:50:32+00:00\",\"dateModified\":\"2020-07-02T14:43:14+00:00\",\"breadcrumb\":{\"@id\":\"https:\\\/\\\/smks.fbk.eu\\\/it\\\/attivita\\\/tutela-e-valorizzazione-dei-risultati-della-ricerca\\\/#breadcrumb\"},\"inLanguage\":\"it-IT\",\"potentialAction\":[{\"@type\":\"ReadAction\",\"target\":[\"https:\\\/\\\/smks.fbk.eu\\\/it\\\/attivita\\\/tutela-e-valorizzazione-dei-risultati-della-ricerca\\\/\"]}]},{\"@type\":\"BreadcrumbList\",\"@id\":\"https:\\\/\\\/smks.fbk.eu\\\/it\\\/attivita\\\/tutela-e-valorizzazione-dei-risultati-della-ricerca\\\/#breadcrumb\",\"itemListElement\":[{\"@type\":\"ListItem\",\"position\":1,\"name\":\"Home\",\"item\":\"https:\\\/\\\/smks.fbk.eu\\\/it\\\/\"},{\"@type\":\"ListItem\",\"position\":2,\"name\":\"Attivit\u00e0\",\"item\":\"https:\\\/\\\/smks.fbk.eu\\\/it\\\/attivita\\\/\"},{\"@type\":\"ListItem\",\"position\":3,\"name\":\"Tutela e valorizzazione dei risultati della ricerca\"}]},{\"@type\":\"WebSite\",\"@id\":\"https:\\\/\\\/smks.fbk.eu\\\/en\\\/#website\",\"url\":\"https:\\\/\\\/smks.fbk.eu\\\/en\\\/\",\"name\":\"FBK - Technology Portfolio\",\"description\":\"Fondazione Bruno Kessler\",\"potentialAction\":[{\"@type\":\"SearchAction\",\"target\":{\"@type\":\"EntryPoint\",\"urlTemplate\":\"https:\\\/\\\/smks.fbk.eu\\\/en\\\/?s={search_term_string}\"},\"query-input\":{\"@type\":\"PropertyValueSpecification\",\"valueRequired\":true,\"valueName\":\"search_term_string\"}}],\"inLanguage\":\"it-IT\"}]}<\/script>\n<!-- \/ Yoast SEO plugin. -->","yoast_head_json":{"title":"Tutela e valorizzazione dei risultati della ricerca - FBK - Technology Portfolio","robots":{"index":"noindex","follow":"follow","max-snippet":"max-snippet:-1","max-image-preview":"max-image-preview:large","max-video-preview":"max-video-preview:-1"},"og_locale":"it_IT","og_type":"article","og_url":"https:\/\/smks.fbk.eu\/it\/attivita\/tutela-e-valorizzazione-dei-risultati-della-ricerca\/","og_site_name":"FBK - Technology Portfolio","article_modified_time":"2020-07-02T14:43:14+00:00","twitter_card":"summary_large_image","twitter_misc":{"Tempo di lettura stimato":"1 minuto"},"schema":{"@context":"https:\/\/schema.org","@graph":[{"@type":"WebPage","@id":"https:\/\/smks.fbk.eu\/it\/attivita\/tutela-e-valorizzazione-dei-risultati-della-ricerca\/","url":"https:\/\/smks.fbk.eu\/it\/attivita\/tutela-e-valorizzazione-dei-risultati-della-ricerca\/","name":"Tutela e valorizzazione dei risultati della ricerca - FBK - Technology Portfolio","isPartOf":{"@id":"https:\/\/smks.fbk.eu\/en\/#website"},"datePublished":"2018-06-21T09:50:32+00:00","dateModified":"2020-07-02T14:43:14+00:00","breadcrumb":{"@id":"https:\/\/smks.fbk.eu\/it\/attivita\/tutela-e-valorizzazione-dei-risultati-della-ricerca\/#breadcrumb"},"inLanguage":"it-IT","potentialAction":[{"@type":"ReadAction","target":["https:\/\/smks.fbk.eu\/it\/attivita\/tutela-e-valorizzazione-dei-risultati-della-ricerca\/"]}]},{"@type":"BreadcrumbList","@id":"https:\/\/smks.fbk.eu\/it\/attivita\/tutela-e-valorizzazione-dei-risultati-della-ricerca\/#breadcrumb","itemListElement":[{"@type":"ListItem","position":1,"name":"Home","item":"https:\/\/smks.fbk.eu\/it\/"},{"@type":"ListItem","position":2,"name":"Attivit\u00e0","item":"https:\/\/smks.fbk.eu\/it\/attivita\/"},{"@type":"ListItem","position":3,"name":"Tutela e valorizzazione dei risultati della ricerca"}]},{"@type":"WebSite","@id":"https:\/\/smks.fbk.eu\/en\/#website","url":"https:\/\/smks.fbk.eu\/en\/","name":"FBK - Technology Portfolio","description":"Fondazione Bruno Kessler","potentialAction":[{"@type":"SearchAction","target":{"@type":"EntryPoint","urlTemplate":"https:\/\/smks.fbk.eu\/en\/?s={search_term_string}"},"query-input":{"@type":"PropertyValueSpecification","valueRequired":true,"valueName":"search_term_string"}}],"inLanguage":"it-IT"}]}},"meta_box":{"_more_label":"","_more_page":"","_top_contents":"","_bottom_contents":"","_styles":"","_primary_highlights":[{"target":"_self","layout":"align-center","size":"half"}],"_secondary_highlights":[{"target":"_self"}],"_homepage_shortcuts":[{"section_shortcuts":[{"shortcut_thumbnail":{"shortcut_thumbnail_mode":"image"},"shortcut_link":{"shortcut_link_target":"_self"}}]}],"_homepage_call_to_action":{"destination_target":"_self"},"_highlights_limit":"","_highlights_page":"","_events_limit":"4","_events_page":"","_news_limit":"4","_news_page":"","_contacts_locations_sections":[{"header":"Contattaci","entries":[{"entry_type":"contact","entry_title":"Diego Giuliani","entry_contact":"145","entry_thumbnail":{"entry_thumbnail_mode":"image"}}]}],"type":"fbkevent","category":[],"ordering":"","_past_projects_style":"default","_projects":[{"style":"default"}],"_sections":[],"_network_and_partners_sections":[{"section":"Contattaci"}],"_tabbed_contents_sections":[],"_blocks":[{"block_thumbnail":{"block_thumbnail_mode":"none"},"links":[{"link_target":"_self"}]}],"_blocks_navigation":"","_latest_publications_limit":"3","_latest_publications_style":"default","_latest_publications_entries":[{"entry_type":"page"}],"_publications_highlights":[{"publication_type":"none"}],"_publications_custom":[],"_publications_filters_years":"","_publications_filters_number_of_years":"","_publications_filters_from_year":"2018","_publications_filters_until_year":"2018","_publications_filters_count":"","_sidebar":"activities","_outline":"","_outline_title":"","_list_of_patents_categories":[]},"_links":{"self":[{"href":"https:\/\/smks.fbk.eu\/it\/wp-json\/wp\/v2\/pages\/1238","targetHints":{"allow":["GET"]}}],"collection":[{"href":"https:\/\/smks.fbk.eu\/it\/wp-json\/wp\/v2\/pages"}],"about":[{"href":"https:\/\/smks.fbk.eu\/it\/wp-json\/wp\/v2\/types\/page"}],"author":[{"embeddable":true,"href":"https:\/\/smks.fbk.eu\/it\/wp-json\/wp\/v2\/users\/3"}],"replies":[{"embeddable":true,"href":"https:\/\/smks.fbk.eu\/it\/wp-json\/wp\/v2\/comments?post=1238"}],"version-history":[{"count":0,"href":"https:\/\/smks.fbk.eu\/it\/wp-json\/wp\/v2\/pages\/1238\/revisions"}],"up":[{"embeddable":true,"href":"https:\/\/smks.fbk.eu\/it\/wp-json\/wp\/v2\/pages\/22"}],"wp:attachment":[{"href":"https:\/\/smks.fbk.eu\/it\/wp-json\/wp\/v2\/media?parent=1238"}],"curies":[{"name":"wp","href":"https:\/\/api.w.org\/{rel}","templated":true}]}}